{"id":375,"date":"2021-12-10T09:29:04","date_gmt":"2021-12-10T06:29:04","guid":{"rendered":"https:\/\/murtopallo.net\/tennis\/?page_id=375"},"modified":"2026-01-13T01:21:20","modified_gmt":"2026-01-12T23:21:20","slug":"tenniksen-wta-turnaukset-2022","status":"publish","type":"page","link":"https:\/\/murtopallo.net\/tennis\/tenniksen-wta-turnaukset-2022\/","title":{"rendered":"Tenniksen WTA-turnaukset 2026"},"content":{"rendered":"<p><a href=\"http:\/\/wtatennis.com\" target=\"_blank\" rel=\"noopener\">WTA (Women\u2019s Tennis Association)<\/a> organisoi naisten ammattilaistenniksen korkeinta tasoa, WTA-kiertuetta.<!--more--><\/p>\n<p>Vuoden 2025 kisat alkavat heti vuoden vaihtumisen j\u00e4lkeen, ja ensimm\u00e4inen vuosipuolikas huipentuu <a href=\"http:\/\/wimbledon.com\" target=\"_blank\" rel=\"noopener\">Wimbledonin<\/a> tennisturnaukseen kes\u00e4kuun 29. alkaen.<\/p>\n<p>WTA:n vuoden k\u00e4ynnist\u00e4v\u00e4t turnaukset Adelaidessa ja Aucklandissa. Kauden ensimm\u00e4inen Grand Slam -turnaus, Australian avoimet, alkaa 18. tammikuuta.<\/p>\n<p>Jos olosuhteet sallivat, WTA-kiertue etenee perinteisess\u00e4 formaatissaan. Australian avoimien lis\u00e4ksi Grand Slam -vuoteen kuuluvat Ranskan avoimet, Wimbledon ja US Open.<\/p>\n<p><img loading=\"lazy\" decoding=\"async\" class=\"alignnone size-full wp-image-1852\" src=\"https:\/\/murtopallo.net\/tennis\/wp-content\/uploads\/2023\/06\/wimbledon-tennis-1.jpg\" alt=\"\" width=\"1024\" height=\"539\" srcset=\"https:\/\/murtopallo.net\/tennis\/wp-content\/uploads\/2023\/06\/wimbledon-tennis-1.jpg 1024w, https:\/\/murtopallo.net\/tennis\/wp-content\/uploads\/2023\/06\/wimbledon-tennis-1-300x158.jpg 300w, https:\/\/murtopallo.net\/tennis\/wp-content\/uploads\/2023\/06\/wimbledon-tennis-1-768x404.jpg 768w\" sizes=\"auto, (max-width: 709px) 85vw, (max-width: 909px) 67vw, (max-width: 1362px) 62vw, 840px\" \/><\/p>\n<p>Naisten tenniskiertueella WTA 1000 -turnaukset vastaavat miesten Masters-kisoja. Vuoden 2026 ensimm\u00e4isell\u00e4 puolikkaalla \u201dtonnikisat\u201d pidet\u00e4\u00e4n Dubaissa, <a href=\"https:\/\/bnpparibasopen.com\/\" target=\"_blank\" rel=\"noopener\">Indian Wellsiss\u00e4<\/a>, Miamissa, Madridissa ja Roomassa.<\/p>\n<p>Grand Slamien ja WTA 1000 -turnausten lis\u00e4ksi k\u00e4yd\u00e4\u00e4n WTA 500- ja WTA 250 -kisoja. Kausi p\u00e4\u00e4ttyy marraskuussa WTA-lopputurnaukseen.<\/p>\n<ul>\n<li><a href=\"https:\/\/www.wtatennis.com\/tournaments\" target=\"_blank\" rel=\"noopener\"><strong>Katso t\u00e4st\u00e4 WTA:n turnauskalenteri<\/strong><\/a><\/li>\n<\/ul>\n<p>&#8211; Tuskin maltamme odottaa, ett\u00e4 saamme kauden k\u00e4yntiin. Kunnioitamme perinteit\u00e4mme ja vahvistamme WTA:n suosiota. T\u00e4htipelaajat ja nousevat lahjakkuudet p\u00e4\u00e4sev\u00e4t n\u00e4ytt\u00e4m\u00e4\u00e4n taitojaan 850 miljoonalle fanille ymp\u00e4ri maailman, WTA:n johtaja Steve Simon kommentoi.<\/p>\n<h2>Tenniksen WTA-turnauksia 2026<\/h2>\n<p><em>Alkamisp\u00e4iv\u00e4m\u00e4\u00e4r\u00e4n mukaan<\/em><\/p>\n<p><a href=\"https:\/\/murtopallo.net\/tennis\/2022\/12\/15\/united-cup\/\">United Cup<\/a>, Australia 2.1.<\/p>\n<p><a href=\"http:\/\/ausopen.com\" target=\"_blank\" rel=\"noopener\">Australian avoimet<\/a> 18.1.<\/p>\n<p>Dubai 15.2.<\/p>\n<p>Indian Wells 4.3.<\/p>\n<p>Miami 17.3.<\/p>\n<p>Madrid 21.4.<\/p>\n<p>Rooma 5.5.<\/p>\n<p><a href=\"https:\/\/murtopallo.net\/tennis\/ranskan-avoimet\/\">Ranskan avoimet<\/a> 24.5.<\/p>\n<p><a href=\"https:\/\/murtopallo.net\/tennis\/wimbledon\/\">Wimbledon<\/a> 29.6.<\/p>\n<p>Toronto 2.8.<\/p>\n<p>Cincinnati 13.8.<\/p>\n<p><a href=\"http:\/\/usopen.org\" target=\"_blank\" rel=\"noopener\">US Open<\/a> 30.8.<\/p>\n<p>Peking 30.9.<\/p>\n<p>Wuhan 12.10.<\/p>\n<p><a href=\"https:\/\/murtopallo.net\/tennis\/2022\/10\/10\/tenniksen-wta-lopputurnaus-finaaliturnaus\/\">WTA-lopputurnaus<\/a> 7.11.<\/p>\n<ul>\n<li><a href=\"https:\/\/www.wtatennis.com\/tournaments\" target=\"_blank\" rel=\"noopener\"><strong>Katso WTA:n koko turnauskalenteri<\/strong><\/a><\/li>\n<\/ul>\n","protected":false},"excerpt":{"rendered":"<p>WTA (Women\u2019s Tennis Association) organisoi naisten ammattilaistenniksen korkeinta tasoa, WTA-kiertuetta.<\/p>\n","protected":false},"author":1,"featured_media":769,"parent":0,"menu_order":0,"comment_status":"closed","ping_status":"closed","template":"","meta":{"nf_dc_page":"","twitterCardType":"","cardImageID":0,"cardImage":"","cardTitle":"","cardDesc":"","cardImageAlt":"","cardPlayer":"","cardPlayerWidth":0,"cardPlayerHeight":0,"cardPlayerStream":"","cardPlayerCodec":"","footnotes":""},"class_list":["post-375","page","type-page","status-publish","has-post-thumbnail","hentry"],"_links":{"self":[{"href":"https:\/\/murtopallo.net\/tennis\/wp-json\/wp\/v2\/pages\/375","targetHints":{"allow":["GET"]}}],"collection":[{"href":"https:\/\/murtopallo.net\/tennis\/wp-json\/wp\/v2\/pages"}],"about":[{"href":"https:\/\/murtopallo.net\/tennis\/wp-json\/wp\/v2\/types\/page"}],"author":[{"embeddable":true,"href":"https:\/\/murtopallo.net\/tennis\/wp-json\/wp\/v2\/users\/1"}],"replies":[{"embeddable":true,"href":"https:\/\/murtopallo.net\/tennis\/wp-json\/wp\/v2\/comments?post=375"}],"version-history":[{"count":4,"href":"https:\/\/murtopallo.net\/tennis\/wp-json\/wp\/v2\/pages\/375\/revisions"}],"predecessor-version":[{"id":3438,"href":"https:\/\/murtopallo.net\/tennis\/wp-json\/wp\/v2\/pages\/375\/revisions\/3438"}],"wp:featuredmedia":[{"embeddable":true,"href":"https:\/\/murtopallo.net\/tennis\/wp-json\/wp\/v2\/media\/769"}],"wp:attachment":[{"href":"https:\/\/murtopallo.net\/tennis\/wp-json\/wp\/v2\/media?parent=375"}],"curies":[{"name":"wp","href":"https:\/\/api.w.org\/{rel}","templated":true}]}}