{"id":380,"date":"2021-12-11T12:47:32","date_gmt":"2021-12-11T09:47:32","guid":{"rendered":"https:\/\/murtopallo.net\/tennis\/?page_id=380"},"modified":"2026-01-13T01:16:52","modified_gmt":"2026-01-12T23:16:52","slug":"tenniksen-atp-turnaukset-2022","status":"publish","type":"page","link":"https:\/\/murtopallo.net\/tennis\/tenniksen-atp-turnaukset-2022\/","title":{"rendered":"Tenniksen ATP-turnaukset 2026"},"content":{"rendered":"<p><a href=\"https:\/\/www.atptour.com\/\" target=\"_blank\" rel=\"noopener\">ATP (Association of Tennis Professionals)<\/a> organisoi miesten ammattilaistenniksen korkeinta tasoa, ATP-kiertuetta.<!--more--><\/p>\n<p>Kiertueella pelataan Grand Slam -turnauksia, Masters-turnauksia sek\u00e4 ATP 500- ja ATP 250 -kisoja. Merkitt\u00e4v\u00e4t lis\u00e4t ovat maajoukkuekisa United Cup sek\u00e4 <a href=\"https:\/\/murtopallo.net\/tennis\/2022\/10\/10\/tenniksen-atp-lopputurnaus-finaaliturnaus\/\">kauden p\u00e4\u00e4tt\u00e4v\u00e4 ATP-lopputurnaus<\/a> (ATP Finals).<\/p>\n<p>Tenniksen ammattilaiskausi k\u00e4ynnistyy jo vuoden vaihteessa United Cupilla. Ensimm\u00e4iset varsinaiset ATP-turnaukset alkavat pian per\u00e4\u00e4n.<\/p>\n<p>Kauden ensimm\u00e4inen Grand Slam -turnaus, Australian avoimet, alkaa 18. tammikuuta.<\/p>\n<p>Aina suurta mielenkiintoa her\u00e4tt\u00e4v\u00e4t Masters-turnaukset p\u00e4\u00e4sev\u00e4t vauhtiin maaliskuussa. Masters-kauden aloittavat Indian Wells ja Miami Yhdysvalloissa.<\/p>\n<ul>\n<li><a href=\"https:\/\/www.atptour.com\/en\/tournaments\" target=\"_blank\" rel=\"noopener\"><strong>Katso turnauskalenteri (ATPtour.com)<\/strong><\/a><\/li>\n<\/ul>\n<p>Ensimm\u00e4iset varsinaisen massakentt\u00e4kauden kisat k\u00e4yd\u00e4\u00e4n huhtikuussa. Massakauden kruunaa Ranskan avoin tennisturnaus 24. toukokuuta alkaen.<\/p>\n<p>Roland Garrosin j\u00e4lkeen siirryt\u00e4\u00e4n tutusti ruohokentille. Kes\u00e4kuussa alkavan ruohokentt\u00e4kauden huipentaa luonnollisesti Wimbledon, jonka alkamisp\u00e4iv\u00e4 on 29. kes\u00e4kuuta.<\/p>\n<p><img loading=\"lazy\" decoding=\"async\" class=\"alignnone size-full wp-image-1852\" src=\"https:\/\/murtopallo.net\/tennis\/wp-content\/uploads\/2023\/06\/wimbledon-tennis-1.jpg\" alt=\"\" width=\"1024\" height=\"539\" srcset=\"https:\/\/murtopallo.net\/tennis\/wp-content\/uploads\/2023\/06\/wimbledon-tennis-1.jpg 1024w, https:\/\/murtopallo.net\/tennis\/wp-content\/uploads\/2023\/06\/wimbledon-tennis-1-300x158.jpg 300w, https:\/\/murtopallo.net\/tennis\/wp-content\/uploads\/2023\/06\/wimbledon-tennis-1-768x404.jpg 768w\" sizes=\"auto, (max-width: 709px) 85vw, (max-width: 909px) 67vw, (max-width: 1362px) 62vw, 840px\" \/><\/p>\n<p>Grand Slam -kauden p\u00e4\u00e4tt\u00e4\u00e4 31. elokuuta alkava US Open. ATP-lopputurnaus k\u00e4yd\u00e4\u00e4n Torinossa 15. marraskuuta alkaen.<\/p>\n<h2>Tenniksen ATP-turnauksia 2026<\/h2>\n<p><em>Alkamisp\u00e4iv\u00e4m\u00e4\u00e4r\u00e4n mukaan<\/em><\/p>\n<p><a href=\"https:\/\/murtopallo.net\/tennis\/2022\/12\/15\/united-cup\/\">United Cup<\/a>, Australia 2.1.<\/p>\n<p><a href=\"http:\/\/ausopen.com\" target=\"_blank\" rel=\"noopener\">Australian avoimet<\/a> 18.1.<\/p>\n<p>Indian Wells, Masters 4.3.<\/p>\n<p>Miami, Masters 18.3.<\/p>\n<p>Monte Carlo, Masters 5.4.<\/p>\n<p>Madrid, Masters 22.4.<\/p>\n<p>Rooma, Masters 6.5.<\/p>\n<p><a href=\"https:\/\/murtopallo.net\/tennis\/ranskan-avoimet\/\">Ranskan avoimet<\/a> 24.5.<\/p>\n<p><a href=\"https:\/\/murtopallo.net\/tennis\/wimbledon\/\">Wimbledon<\/a> 29.6.<\/p>\n<p><a href=\"http:\/\/usopen.org\" target=\"_blank\" rel=\"noopener\">US Open<\/a> 31.8.<\/p>\n<p>Shanghai, Masters 7.10.<\/p>\n<p>Stockholm Open 8.11. (nykyisin BNP Paribas Nordic Open)<\/p>\n<p>Pariisi, Masters 2.11.<\/p>\n<p><a href=\"https:\/\/murtopallo.net\/tennis\/2022\/10\/10\/tenniksen-atp-lopputurnaus-finaaliturnaus\/\">ATP-lopputurnaus<\/a>, Torino 15.11.<\/p>\n<ul>\n<li><a href=\"https:\/\/www.atptour.com\/en\/tournaments\" target=\"_blank\" rel=\"noopener\"><strong>Katso koko turnauskalenteri (ATPtour.com)<\/strong><\/a><\/li>\n<\/ul>\n","protected":false},"excerpt":{"rendered":"<p>ATP (Association of Tennis Professionals) organisoi miesten ammattilaistenniksen korkeinta tasoa, ATP-kiertuetta.<\/p>\n","protected":false},"author":1,"featured_media":255,"parent":0,"menu_order":0,"comment_status":"closed","ping_status":"closed","template":"","meta":{"nf_dc_page":"","twitterCardType":"","cardImageID":0,"cardImage":"","cardTitle":"","cardDesc":"","cardImageAlt":"","cardPlayer":"","cardPlayerWidth":0,"cardPlayerHeight":0,"cardPlayerStream":"","cardPlayerCodec":"","footnotes":""},"class_list":["post-380","page","type-page","status-publish","has-post-thumbnail","hentry"],"_links":{"self":[{"href":"https:\/\/murtopallo.net\/tennis\/wp-json\/wp\/v2\/pages\/380","targetHints":{"allow":["GET"]}}],"collection":[{"href":"https:\/\/murtopallo.net\/tennis\/wp-json\/wp\/v2\/pages"}],"about":[{"href":"https:\/\/murtopallo.net\/tennis\/wp-json\/wp\/v2\/types\/page"}],"author":[{"embeddable":true,"href":"https:\/\/murtopallo.net\/tennis\/wp-json\/wp\/v2\/users\/1"}],"replies":[{"embeddable":true,"href":"https:\/\/murtopallo.net\/tennis\/wp-json\/wp\/v2\/comments?post=380"}],"version-history":[{"count":5,"href":"https:\/\/murtopallo.net\/tennis\/wp-json\/wp\/v2\/pages\/380\/revisions"}],"predecessor-version":[{"id":3436,"href":"https:\/\/murtopallo.net\/tennis\/wp-json\/wp\/v2\/pages\/380\/revisions\/3436"}],"wp:featuredmedia":[{"embeddable":true,"href":"https:\/\/murtopallo.net\/tennis\/wp-json\/wp\/v2\/media\/255"}],"wp:attachment":[{"href":"https:\/\/murtopallo.net\/tennis\/wp-json\/wp\/v2\/media?parent=380"}],"curies":[{"name":"wp","href":"https:\/\/api.w.org\/{rel}","templated":true}]}}