{"id":54,"date":"2021-02-16T20:29:17","date_gmt":"2021-02-16T18:29:17","guid":{"rendered":"https:\/\/murtopallo.net\/tennis\/?page_id=54"},"modified":"2025-09-08T17:37:11","modified_gmt":"2025-09-08T15:37:11","slug":"emil-ruusuvuori","status":"publish","type":"page","link":"https:\/\/murtopallo.net\/tennis\/emil-ruusuvuori\/","title":{"rendered":"Emil Ruusuvuori"},"content":{"rendered":"<p><strong>Emil Ruusuvuori on suomalainen tennispelaaja. H\u00e4n pelaa ammattilaistenniksen korkeimmalla tasolla, ATP-kiertueella.<\/strong><\/p>\n<ul>\n<li><strong><a href=\"https:\/\/murtopallo.net\/tennis\/tag\/emil-ruusuvuori\/\">Lue viimeisimm\u00e4t Emil Ruusuvuori -uutiset<\/a><\/strong><\/li>\n<\/ul>\n<h2>Emil Ruusuvuori<\/h2>\n<p><strong>Syntynyt<\/strong>: 2.4.1999, Helsinki<\/p>\n<p><strong>Paras sijoitus tenniksen maailmanlistalla<\/strong>: 37.<\/p>\n<p><strong>Fysiikka<\/strong>: Pituus 188 cm, oikeak\u00e4tinen, kahden k\u00e4den rystyly\u00f6nti<\/p>\n<p><strong>Ryhtyi ammattilaiseksi<\/strong>: 2018<\/p>\n<p><strong>ATP-turnausvoittoja<\/strong>: 0<\/p>\n<p><strong>ATP-loppuotteluita<\/strong>: 2 (Pune 2022, Hongkong 2024)<\/p>\n<p><strong>ATP-loppuotteluita nelinpeliss\u00e4<\/strong>: 1 (Marseille 2024, parina Patrik Niklas-Salminen)<\/p>\n<p><strong>Challenger-turnausvoittoja<\/strong>: 4 kaksinpeliss\u00e4, 3 nelinpeliss\u00e4<\/p>\n<p><strong>Futures-turnausvoittoja<\/strong>: 4 kaksinpeliss\u00e4, 3 nelinpeliss\u00e4<\/p>\n<p><strong>ITF-turnausvoittoja<\/strong>: 2 kaksinpeliss\u00e4<\/p>\n<h2>Ruusuvuori vuosi vuodelta<\/h2>\n<p><strong>2025<\/strong>: Ruusuvuori avasi kautensa haastajaturnauksessa helmikuussa. Kertoi k\u00e4rsineens\u00e4 <a href=\"https:\/\/murtopallo.net\/tennis\/2025\/05\/06\/emil-ruusuvuori-paniikkikohtaus\/\">paniikkikohtauksista vuosien ajan<\/a>. Ruusuvuori ei pelannut Australian avoimissa, Ranskan avoimissa eik\u00e4 Wimbledonissa. H\u00e4n palasi ATP-tason kentille US Openissa.<\/p>\n<p><strong>2024<\/strong>: Kauden ensimm\u00e4isess\u00e4 turnauksessaan (Hongkong) Ruusuvuori saavutti uransa toisen ATP-turnauksen loppuottelupaikan. H\u00e4n h\u00e4visi finaalissa Andrei Rubleville.<\/p>\n<p>Helmikuussa tuli ensimm\u00e4inen ATP-loppuotteluesiintyminen nelinpeliss\u00e4. Ruusuvuori ja Patrik Niklas-Salminen h\u00e4visiv\u00e4t Marseillessa parille Machac-Zhang.<\/p>\n<p>Eteni ensimm\u00e4ist\u00e4 kertaa urallaan Grand Slam -turnauksessa kolmannelle kierrokselle (Wimbledon). Voitti Mackenzie McDonaldin ja Stefanos Tsitsipasin, h\u00e4visi Giovanni Mpetshi Perricardille.<\/p>\n<p>Ruusuvuori ilmoitti syyskuussa j\u00e4tt\u00e4v\u00e4ns\u00e4 loppuvuoden v\u00e4liin ja keskittyv\u00e4ns\u00e4 fyysiseen ja henkiseen palautumiseen.<\/p>\n<p><strong>2023<\/strong>: Ruusuvuori voitti Australian avoimissa Max Purcellin ja h\u00e4visi toisella kierroksella Andrei Rubleville. <a href=\"https:\/\/murtopallo.net\/tennis\/2023\/02\/05\/suomi-davis-cup-lopputurnaukseen\/\">Suomi eteni Davis Cupissa historiallisesti 16 parhaan joukkoon<\/a>, ja Ruusuvuori nousi sankariksi voitossa Argentiinasta. Ensimm\u00e4inen Masters-tason puoliv\u00e4lier\u00e4paikka tuli Miamissa maaliskuussa. Syksyll\u00e4 Ruusuvuori oli j\u00e4lleen suuressa roolissa, kun <a href=\"https:\/\/murtopallo.net\/tennis\/2023\/03\/29\/davis-cupin-lopputurnaus-2023\/\">Suomi eteni Davis Cupissa historiallisesti<\/a> nelj\u00e4n parhaan joukkoon.<\/p>\n<p><img loading=\"lazy\" decoding=\"async\" class=\"alignnone size-full wp-image-152\" src=\"https:\/\/murtopallo.net\/tennis\/wp-content\/uploads\/2021\/02\/emil_ruusuvuori_tennis_us_open_2017_c_pasi_tuominen.jpg\" alt=\"\" width=\"1024\" height=\"751\" srcset=\"https:\/\/murtopallo.net\/tennis\/wp-content\/uploads\/2021\/02\/emil_ruusuvuori_tennis_us_open_2017_c_pasi_tuominen.jpg 1024w, https:\/\/murtopallo.net\/tennis\/wp-content\/uploads\/2021\/02\/emil_ruusuvuori_tennis_us_open_2017_c_pasi_tuominen-300x220.jpg 300w, https:\/\/murtopallo.net\/tennis\/wp-content\/uploads\/2021\/02\/emil_ruusuvuori_tennis_us_open_2017_c_pasi_tuominen-768x563.jpg 768w\" sizes=\"auto, (max-width: 709px) 85vw, (max-width: 909px) 67vw, (max-width: 1362px) 62vw, 840px\" \/><\/p>\n<p><strong>2022<\/strong>: Ruusuvuori aloitti kautensa ATP-turnauksessa Melbournessa. <a href=\"https:\/\/murtopallo.net\/tennis\/2022\/01\/18\/emil-ruusuvuori-australian-avoimet-tulos\/\">Australian avoimien<\/a> j\u00e4lkeen saavutti uransa ensimm\u00e4isen ATP-turnauksen loppuottelupaikan (Pune, Intia). Ensimm\u00e4inen puoliv\u00e4lier\u00e4paikka massakentt\u00e4turnauuksessa (M\u00fcnchen).<\/p>\n<p>Hein\u00e4kuun 11. p\u00e4iv\u00e4n\u00e4 Ruusuvuori nousi maailmanlistalla 43:nneksi. N\u00e4in h\u00e4nest\u00e4 tuli Suomen tennishistorian toiseksi korkeimmalle sijoitettu kaksinpelaaja (edell\u00e4 en\u00e4\u00e4 <a href=\"https:\/\/murtopallo.net\/tennis\/2021\/03\/31\/jarkko-nieminen-tennis\/\">Jarkko Nieminen<\/a>).<\/p>\n<p>Ruusuvuori p\u00e4\u00e4tti kauden sijalla 40.<\/p>\n<p><strong>2021<\/strong>: Emil Ruusuvuori pelasi ammattilaistenniksen korkeimmalla tasolla, ATP-kiertueella. Grand Slam -kauden Ruusuvuori avasi <a href=\"http:\/\/www.ausopen.com\" target=\"_blank\" rel=\"noopener\">Australian avoimissa<\/a> yll\u00e4tt\u00e4m\u00e4ll\u00e4 Gael Monfilsin. Toisella kierroksella suomalainen k\u00e4rsi tappion Pedro Martinezille. Uran paras rankingsijoitus: 66:s. ATP-kiertueella 23 otteluvoittoa ja 22 tappiota kaksinpeliss\u00e4.<\/p>\n<p><strong>2020<\/strong>: Ruusuvuori teki Grand Slam -debyyttins\u00e4 <a href=\"http:\/\/www.rolandgarros.com\" target=\"_blank\" rel=\"noopener\">Ranskan avoimissa<\/a>. Ensimm\u00e4inen otteluvoitto Grand Slam -turnauksessa tuli US Openissa. Ruusuvuori kaatoi Aljaz Bedenen.<\/p>\n<p><strong>2019<\/strong>: <a href=\"https:\/\/www.daviscup.com\/en\/draws-results\/tie.aspx?id=M-DC-2019-G1-EPA-M-AUT-FIN-01\" target=\"_blank\" rel=\"noopener\">Voitti Davis Cupissa it\u00e4valtalaisen Dominic Thiemin<\/a>. Thiem oli otteluhetkell\u00e4 tenniksen maailmanlistalla viidenten\u00e4. Voitti ensimm\u00e4iset <a href=\"https:\/\/www.atptour.com\/en\/atp-challenger-tour\" target=\"_blank\" rel=\"noopener\">Challenger-turnauksensa<\/a> (Helsinki, Glasgow, Mallorca, Fergana). Lis\u00e4ksi Ruusuvuori voitti yhden ITF M25 -turnauksen ja yhden ITF M15 -turnauksen (Sunderland ja Oslo).<\/p>\n<p><strong>2018<\/strong>: Aloitti ammattimaisena tennispelaajana. Voitti kolme Futures-turnausta (Ruotsi, Italia, Espanja).<\/p>\n<p><strong>2017<\/strong>: Ruusuvuori eteni <a href=\"http:\/\/www.usopen.org\" target=\"_blank\" rel=\"noopener\">US Openin<\/a> nuorten turnauksessa v\u00e4lieriin. Voitti ITF Junior Masters -mestaruuden Chengdussa, Kiinassa. Ensimm\u00e4inen Futures-turnausmestaruus tuli Helsingiss\u00e4.<\/p>\n<p><a href=\"https:\/\/www.atptour.com\/en\/players\/emil-ruusuvuori\/rh24\/overview\" target=\"_blank\" rel=\"noopener\"><strong>Emil Ruusuvuoren profiili ATP:n verkkosivuilla<\/strong><\/a><\/p>\n","protected":false},"excerpt":{"rendered":"<p>Emil Ruusuvuori on suomalainen tennispelaaja. H\u00e4n pelaa ammattilaistenniksen korkeimmalla tasolla, ATP-kiertueella. Lue viimeisimm\u00e4t Emil Ruusuvuori -uutiset Emil Ruusuvuori Syntynyt: 2.4.1999, Helsinki Paras sijoitus tenniksen maailmanlistalla: 37. Fysiikka: Pituus 188 cm, oikeak\u00e4tinen, kahden k\u00e4den rystyly\u00f6nti Ryhtyi ammattilaiseksi: 2018 ATP-turnausvoittoja: 0 ATP-loppuotteluita: 2 (Pune 2022, Hongkong 2024) ATP-loppuotteluita nelinpeliss\u00e4: 1 (Marseille 2024, parina Patrik Niklas-Salminen) Challenger-turnausvoittoja: 4 &hellip; <a href=\"https:\/\/murtopallo.net\/tennis\/emil-ruusuvuori\/\" class=\"more-link\">Jatka lukemista<span class=\"screen-reader-text\"> &#8220;Emil Ruusuvuori&#8221;<\/span><\/a><\/p>\n","protected":false},"author":1,"featured_media":56,"parent":0,"menu_order":0,"comment_status":"closed","ping_status":"closed","template":"","meta":{"nf_dc_page":"","twitterCardType":"","cardImageID":0,"cardImage":"","cardTitle":"","cardDesc":"","cardImageAlt":"","cardPlayer":"","cardPlayerWidth":0,"cardPlayerHeight":0,"cardPlayerStream":"","cardPlayerCodec":"","footnotes":""},"class_list":["post-54","page","type-page","status-publish","has-post-thumbnail","hentry"],"_links":{"self":[{"href":"https:\/\/murtopallo.net\/tennis\/wp-json\/wp\/v2\/pages\/54","targetHints":{"allow":["GET"]}}],"collection":[{"href":"https:\/\/murtopallo.net\/tennis\/wp-json\/wp\/v2\/pages"}],"about":[{"href":"https:\/\/murtopallo.net\/tennis\/wp-json\/wp\/v2\/types\/page"}],"author":[{"embeddable":true,"href":"https:\/\/murtopallo.net\/tennis\/wp-json\/wp\/v2\/users\/1"}],"replies":[{"embeddable":true,"href":"https:\/\/murtopallo.net\/tennis\/wp-json\/wp\/v2\/comments?post=54"}],"version-history":[{"count":5,"href":"https:\/\/murtopallo.net\/tennis\/wp-json\/wp\/v2\/pages\/54\/revisions"}],"predecessor-version":[{"id":3410,"href":"https:\/\/murtopallo.net\/tennis\/wp-json\/wp\/v2\/pages\/54\/revisions\/3410"}],"wp:featuredmedia":[{"embeddable":true,"href":"https:\/\/murtopallo.net\/tennis\/wp-json\/wp\/v2\/media\/56"}],"wp:attachment":[{"href":"https:\/\/murtopallo.net\/tennis\/wp-json\/wp\/v2\/media?parent=54"}],"curies":[{"name":"wp","href":"https:\/\/api.w.org\/{rel}","templated":true}]}}