{"id":63,"date":"2021-02-17T13:24:24","date_gmt":"2021-02-17T11:24:24","guid":{"rendered":"https:\/\/murtopallo.net\/tennis\/?page_id=63"},"modified":"2025-06-27T21:46:20","modified_gmt":"2025-06-27T19:46:20","slug":"ranskan-avoimet","status":"publish","type":"page","link":"https:\/\/murtopallo.net\/tennis\/ranskan-avoimet\/","title":{"rendered":"Ranskan avoimet"},"content":{"rendered":"<p><strong>Ranskan avoimet<\/strong> (Ranskan avoin tennisturnaus, Roland Garros, French Open) on yksi tennisvuoden nelj\u00e4st\u00e4 Grand Slam -turnauksesta. Ranskan avoimet pelataan massakentill\u00e4 Pariisissa.\u00a0<!--more--><\/p>\n<p>Vuonna 2025 Ranskan avoimet pelattiin karsinnat mukaan lukien 19. toukokuuta &#8211; 8. kes\u00e4kuuta. P\u00e4\u00e4sarjat alkoivat 25. toukokuuta.<\/p>\n<p>Vuonna 2025 kaksinpelin mestaruudet ottivat Carlos Alcaraz ja Coco Gauff. Suomen Oskari Paldanius voitti poikien turnauksen nelinpelimestaruuden Alan Waznyn parina.<\/p>\n<ul>\n<li><a href=\"https:\/\/murtopallo.net\/tennis\/2024\/05\/10\/ranskan-avoimien-palkintorahat\/\"><strong>Ranskan avoimien palkintorahat 2025<\/strong><\/a><\/li>\n<\/ul>\n<p>Emil Ruusuvuori ja Otto Virtanen olivat mukana vuoden 2025 hyv\u00e4ksyttyjen luettelossa. Kumpaakaan ei silti n\u00e4hty p\u00e4\u00e4sarjassa. <a href=\"https:\/\/murtopallo.net\/tennis\/2025\/05\/24\/ruusuvuori-vetaytyy-ranskan-avoimista\/\">Ruusuvuori vet\u00e4ytyi<\/a>, ja Virtanen h\u00e4visi karsinnoissa.<\/p>\n<ul>\n<li><a href=\"https:\/\/www.rolandgarros.com\/en-us\/results\/SM\" target=\"_blank\" rel=\"noopener\"><strong>Miesten kaksinpelikaavio<\/strong><\/a><\/li>\n<li><a href=\"https:\/\/www.rolandgarros.com\/en-us\/results\/SD\" target=\"_blank\" rel=\"noopener\"><strong>Naisten kaksinpelikaavio<\/strong><\/a><\/li>\n<li><a href=\"https:\/\/www.rolandgarros.com\/en-us\/order-of-play?year=2023&amp;competition=all\" target=\"_blank\" rel=\"noopener\"><strong>Otteluohjelma ja tulokset<\/strong><\/a><\/li>\n<\/ul>\n<p>Suomessa Ranskan avoimet 2025 n\u00e4kyiv\u00e4t <a href=\"https:\/\/discoveryfinland.fi\/\" target=\"_blank\" rel=\"noopener\">Discovery Finlandin<\/a> medioissa. Suoratoistopalvelu Max esitti ottelut kattavasti, ja TV5:ll\u00e4 oli ottelul\u00e4hetyksi\u00e4.<\/p>\n<p><img loading=\"lazy\" decoding=\"async\" class=\"alignnone size-full wp-image-1779\" src=\"https:\/\/murtopallo.net\/tennis\/wp-content\/uploads\/2023\/06\/roland-garros-ranskan-avoimet-philippe-chatrier-yleiskuva-massa-tennis.jpg\" alt=\"\" width=\"1024\" height=\"539\" srcset=\"https:\/\/murtopallo.net\/tennis\/wp-content\/uploads\/2023\/06\/roland-garros-ranskan-avoimet-philippe-chatrier-yleiskuva-massa-tennis.jpg 1024w, https:\/\/murtopallo.net\/tennis\/wp-content\/uploads\/2023\/06\/roland-garros-ranskan-avoimet-philippe-chatrier-yleiskuva-massa-tennis-300x158.jpg 300w, https:\/\/murtopallo.net\/tennis\/wp-content\/uploads\/2023\/06\/roland-garros-ranskan-avoimet-philippe-chatrier-yleiskuva-massa-tennis-768x404.jpg 768w\" sizes=\"auto, (max-width: 709px) 85vw, (max-width: 909px) 67vw, (max-width: 1362px) 62vw, 840px\" \/><\/p>\n<p>Ranskan avoimet perustettiin vuonna 1891. Ensimm\u00e4iset turnaukset pelattiin hiekkakentill\u00e4. Massakentille siirryttiin vuonna 1908.<\/p>\n<p>Roland Garrosin kentill\u00e4 Ranskan avointa tennisturnausta on pelattu vuodesta 1928 l\u00e4htien.<\/p>\n<p>Vuonna 2020 Rafael Nadalista tuli ensimm\u00e4inen pelaaja, joka on voittanut Ranskan avoimien kaksinpeliturnauksen 13 kertaa. Ensimm\u00e4isen mestaruutensa Roland Garrosilla h\u00e4n voitti vuonna 2005.<\/p>\n<p><a href=\"https:\/\/murtopallo.net\/tennis\/2021\/03\/31\/jarkko-nieminen-tennis\/\">Suomen kaikkien aikojen tennispelaaja Jarkko Nieminen<\/a> voitti urallaan 13 ottelua Ranskan avoimissa ja h\u00e4visi 12. H\u00e4nen paras vuotensa Pariisissa oli 2003: tuolloin h\u00e4n eteni 16 parhaan joukkoon.<\/p>\n<p>Henri Kontinen ja h\u00e4nen parinsa John Peers saavuttivat nelinpelin puoliv\u00e4lier\u00e4paikan vuonna 2018.<\/p>\n<p><a href=\"https:\/\/murtopallo.net\/tennis\/emil-ruusuvuori\/\">Emil Ruusuvuori<\/a> debytoi Roland Garrosilla 2020. H\u00e4n on parhaimmillaan edennyt toiselle kierrokselle (vuosina 2022 ja 2023).<\/p>\n<h2>Ranskan avoimien miesten kaksinpelin mestarit 2000-luvulla<\/h2>\n<p><strong>2025<\/strong>\u00a0Carlos Alcaraz<\/p>\n<p><strong>2024<\/strong> Carlos Alcaraz<\/p>\n<p><strong>2023<\/strong> Novak Djokovic<\/p>\n<p><strong>2022<\/strong> Rafael Nadal<\/p>\n<p><strong>2021<\/strong> Novak Djokovic<\/p>\n<p><strong>2017\u20132020<\/strong> <a href=\"https:\/\/www.atptour.com\/en\/players\/rafael-nadal\/n409\/overview\" target=\"_blank\" rel=\"noopener\">Rafael Nadal<\/a><\/p>\n<p><strong>2016<\/strong> Novak Djokovic<\/p>\n<p><strong>2015<\/strong> Stan Wawrinka<\/p>\n<p><strong>2010-2014<\/strong> Rafael Nadal<\/p>\n<p><strong>2009<\/strong> <a href=\"http:\/\/rogerfederer.com\" target=\"_blank\" rel=\"noopener\">Roger Federer<\/a><\/p>\n<p><strong>2005-2008<\/strong> Rafael Nadal<\/p>\n<p><strong>2004<\/strong> Gaston Gaudio<\/p>\n<p><strong>2003<\/strong> Juan Carlos Ferrero<\/p>\n<p><strong>2002<\/strong> Albert Costa<\/p>\n<p><strong>2001<\/strong> Gustavo Kuerten<\/p>\n<p><strong>2000<\/strong> Gustavo Kuerten<\/p>\n<p>Ranskan avoimen tennisturnauksen ohella muut kolme tenniksen vuotuista Grand Slam -turnausta ovat <a href=\"http:\/\/www.ausopen.com\" target=\"_blank\" rel=\"noopener\">Australian avoimet<\/a>, <a href=\"http:\/\/www.wimbledon.com\" target=\"_blank\" rel=\"noopener\">Wimbledon<\/a> ja <a href=\"http:\/\/www.usopen.org\" target=\"_blank\" rel=\"noopener\">US Open<\/a>.<\/p>\n<ul>\n<li><a href=\"http:\/\/www.rolandgarros.com\" target=\"_blank\" rel=\"noopener\"><strong>Ranskan avoimien viralliset verkkosivut<\/strong><\/a><\/li>\n<\/ul>\n","protected":false},"excerpt":{"rendered":"<p>Ranskan avoimet (Ranskan avoin tennisturnaus, Roland Garros, French Open) on yksi tennisvuoden nelj\u00e4st\u00e4 Grand Slam -turnauksesta. Ranskan avoimet pelataan massakentill\u00e4 Pariisissa.\u00a0<\/p>\n","protected":false},"author":1,"featured_media":225,"parent":0,"menu_order":0,"comment_status":"closed","ping_status":"closed","template":"","meta":{"nf_dc_page":"","twitterCardType":"","cardImageID":0,"cardImage":"","cardTitle":"","cardDesc":"","cardImageAlt":"","cardPlayer":"","cardPlayerWidth":0,"cardPlayerHeight":0,"cardPlayerStream":"","cardPlayerCodec":"","footnotes":""},"class_list":["post-63","page","type-page","status-publish","has-post-thumbnail","hentry"],"_links":{"self":[{"href":"https:\/\/murtopallo.net\/tennis\/wp-json\/wp\/v2\/pages\/63","targetHints":{"allow":["GET"]}}],"collection":[{"href":"https:\/\/murtopallo.net\/tennis\/wp-json\/wp\/v2\/pages"}],"about":[{"href":"https:\/\/murtopallo.net\/tennis\/wp-json\/wp\/v2\/types\/page"}],"author":[{"embeddable":true,"href":"https:\/\/murtopallo.net\/tennis\/wp-json\/wp\/v2\/users\/1"}],"replies":[{"embeddable":true,"href":"https:\/\/murtopallo.net\/tennis\/wp-json\/wp\/v2\/comments?post=63"}],"version-history":[{"count":5,"href":"https:\/\/murtopallo.net\/tennis\/wp-json\/wp\/v2\/pages\/63\/revisions"}],"predecessor-version":[{"id":3205,"href":"https:\/\/murtopallo.net\/tennis\/wp-json\/wp\/v2\/pages\/63\/revisions\/3205"}],"wp:featuredmedia":[{"embeddable":true,"href":"https:\/\/murtopallo.net\/tennis\/wp-json\/wp\/v2\/media\/225"}],"wp:attachment":[{"href":"https:\/\/murtopallo.net\/tennis\/wp-json\/wp\/v2\/media?parent=63"}],"curies":[{"name":"wp","href":"https:\/\/api.w.org\/{rel}","templated":true}]}}