{"id":64,"date":"2021-02-17T13:26:14","date_gmt":"2021-02-17T11:26:14","guid":{"rendered":"https:\/\/murtopallo.net\/tennis\/?page_id=64"},"modified":"2025-08-22T09:46:30","modified_gmt":"2025-08-22T07:46:30","slug":"wimbledon","status":"publish","type":"page","link":"https:\/\/murtopallo.net\/tennis\/wimbledon\/","title":{"rendered":"Wimbledon"},"content":{"rendered":"<p><strong>Wimbledon<\/strong> (The Championships) on yksi tennisvuoden nelj\u00e4st\u00e4 Grand Slam -turnauksesta. Wimbledon pelataan ruohokentill\u00e4 Lontoossa.\u00a0<!--more--><\/p>\n<p>Vuonna 2025 Wimbledonin p\u00e4\u00e4sarjat pelattiin 30. kes\u00e4kuuta &#8211; 13. hein\u00e4kuuta. Karsinnat alkoivat 23. kes\u00e4kuuta. Suomen Emil Ruusuvuori ja Otto Virtanen eiv\u00e4t osallistuneet turnaukseen.<\/p>\n<p>Harri Heli\u00f6vaara ja h\u00e4nen parinsa Henry Patten oli sijoitettu nelinpeliturnauksen kakkoseksi. Kaksikko putosi puoliv\u00e4lieriss\u00e4. <a href=\"https:\/\/murtopallo.net\/tennis\/2025\/06\/24\/paldanius-wimbledon-2025\/\">Oskari Paldaniuksen<\/a> tiimi voitti poikien nelinpeliturnauksen.<\/p>\n<ul>\n<li><a href=\"https:\/\/www.wimbledon.com\/en_GB\/draws\/gentlemens-singles\" target=\"_blank\" rel=\"noopener\"><strong>Miesten kaksinpelin turnauskaavio<\/strong><\/a><\/li>\n<li><a href=\"https:\/\/www.wimbledon.com\/en_GB\/draws\/ladies-singles\" target=\"_blank\" rel=\"noopener\"><strong>Naisten kaksinpelin turnauskaavio<\/strong><\/a><\/li>\n<li><a href=\"https:\/\/www.wimbledon.com\/en_GB\/scores\/results\/index.html\" target=\"_blank\" rel=\"noopener\"><strong>Tulokset<\/strong><\/a><\/li>\n<li><a href=\"https:\/\/murtopallo.net\/tennis\/tag\/wimbledon\/\"><strong>Uutiset<\/strong><\/a><\/li>\n<\/ul>\n<p>Italian Jannik Sinner ja Puolan Iga Swiatek voittivat kaksinpeliturnaukset vuonna 2025. <a href=\"https:\/\/murtopallo.net\/tennis\/2025\/07\/11\/wimbledon-voittajat-2025\/\">Katso kaikki mestarit t\u00e4st\u00e4<\/a>.<\/p>\n<p>Harri Heli\u00f6vaara ja h\u00e4nen parinsa Henry Patten voittivat miesten nelinpeliturnauksen vuonna 2024. Emil Ruusuvuori ja Otto Virtanen pelasivat kaksinpelin p\u00e4\u00e4sarjassa. Poikien turnauksen karsinnoissa n\u00e4htiin Oskari Paldanius, 17.<\/p>\n<p>Vuonna 2024 <a href=\"https:\/\/murtopallo.net\/tennis\/emil-ruusuvuori\/\">Suomen Emil Ruusuvuori<\/a> eteni ensimm\u00e4ist\u00e4 kertaa urallaan kolmannelle kierrokselle. H\u00e4n h\u00e4visi lopulta Giovanni Mpetshi Perricardille.<\/p>\n<p>Vuonna 2023 Wimbledonissa maksettiin enn\u00e4tyksellisesti 44,7 miljoonaa puntaa <a href=\"https:\/\/murtopallo.net\/tennis\/2022\/06\/14\/wimbledon-palkintorahat-2022\/\">palkintorahaa<\/a>. Kaksinpelin mestarit kuittasivat 2,35 miljoonan punnan (noin 2,7 miljoonaa euroa) potit.<\/p>\n<ul>\n<li><a href=\"https:\/\/murtopallo.net\/tennis\/2022\/06\/14\/wimbledon-palkintorahat-2022\/\"><strong>Katso vuoden 2025 palkintorahat<\/strong><\/a><\/li>\n<\/ul>\n<p>Wimbledonia j\u00e4rjest\u00e4v\u00e4 AELTC (All England Lawn Tennis Club) <a href=\"https:\/\/murtopallo.net\/tennis\/2022\/05\/21\/wimbledon-2022-ei-ranking-pisteita\/\">sulki ven\u00e4l\u00e4iset ja valkoven\u00e4l\u00e4iset pelaajat<\/a> vuoden 2022 turnauksesta. P\u00e4\u00e4t\u00f6ksen vuoksi tenniksen ammattilaiskiertueiden organisaatiot ATP ja WTA eiv\u00e4t jakaneet kisasta rankingpisteit\u00e4.<\/p>\n<p>Vuonna 2023 ven\u00e4l\u00e4iset ja valkoven\u00e4l\u00e4iset pelaajat saavat osallistua, mutta he eiv\u00e4t saa kilpailla oman maansa lipun alla.<\/p>\n<p>Vuonna 2022 Wimbledonissa maksettiin 40 350 000 punnan edest\u00e4 palkintorahaa. Suurimmat yksitt\u00e4iset summat (kaksi miljoonaa puntaa) jaettiin kaksinpeliturnausten mestareille.<\/p>\n<p>&#8211; Palkintorahojen on tarkoitus korostaa sit\u00e4, miten t\u00e4rkeit\u00e4 pelaajat ovat The Championshipsille. Haluamme, ett\u00e4 turnauksemme on edelleen yksi maailman johtavista urheilutapahtumista. T\u00e4m\u00e4 turnaus on tavallistakin erityisempi, koska juhlimme keskuskent\u00e4n satavuotista taivalta, puheenjohtaja Ian Hewitt sanoo.<\/p>\n<p>Suomessa <a href=\"https:\/\/discoveryfinland.fi\/\" target=\"_blank\" rel=\"noopener\">Wimbledon on katseltavissa Discoveryn medioissa<\/a>.<\/p>\n<p><img loading=\"lazy\" decoding=\"async\" class=\"alignnone size-full wp-image-1852\" src=\"https:\/\/murtopallo.net\/tennis\/wp-content\/uploads\/2023\/06\/wimbledon-tennis-1.jpg\" alt=\"\" width=\"1024\" height=\"539\" srcset=\"https:\/\/murtopallo.net\/tennis\/wp-content\/uploads\/2023\/06\/wimbledon-tennis-1.jpg 1024w, https:\/\/murtopallo.net\/tennis\/wp-content\/uploads\/2023\/06\/wimbledon-tennis-1-300x158.jpg 300w, https:\/\/murtopallo.net\/tennis\/wp-content\/uploads\/2023\/06\/wimbledon-tennis-1-768x404.jpg 768w\" sizes=\"auto, (max-width: 709px) 85vw, (max-width: 909px) 67vw, (max-width: 1362px) 62vw, 840px\" \/><\/p>\n<h2>Wimbledonilla yli sadan vuoden historia<\/h2>\n<p>Ensimm\u00e4inen Wimbledonin tennisturnaus pelattiin vuonna 1877. Eniten kaksinpelin mestaruuksia on Roger Federerill\u00e4 (8) ja Martina Navratilovalla (9).<\/p>\n<p>Wimbledonin erikoisuuksiin kuuluvat velvoite k\u00e4ytt\u00e4\u00e4 kokovalkoisia peliasuja sek\u00e4 <a href=\"https:\/\/www.royal.uk\/\" target=\"_blank\" rel=\"noopener\">brittikuninkaallisten<\/a> l\u00e4sn\u00e4olo. Mansikat ja kerma ovat kuuluisa kisaherkku.<\/p>\n<p>Vuonna 2020 Wimbledon peruttiin koronaviruspandemian vuoksi.<\/p>\n<p><a href=\"https:\/\/murtopallo.net\/tennis\/2021\/03\/31\/jarkko-nieminen-tennis\/\">Suomen kaikkien aikojen tennispelaaja Jarkko Nieminen<\/a> pelasi Wimbledonissa kaikkiaan 26 kaksinpeliottelua ja voitti niist\u00e4 14. H\u00e4nen paras vuotensa oli 2006, jolloin h\u00e4n eteni puoliv\u00e4lieriin.<\/p>\n<p>Henri Kontinen voitti Heather Watsonin kanssa Wimbledonin sekanelinpelin mestaruuden vuonna 2016. Kontinen ja h\u00e4nen parinsa John Peers eteniv\u00e4t miesten nelinpelin v\u00e4lieriin vuonna 2017.<\/p>\n<p>Emil Ruusuvuori debytoi Wimbledonissa vuonna 2021 (h\u00e4vi\u00f6 ensimm\u00e4isell\u00e4 kierroksella) ja pelasi kisassa toisen kerran 2022 (h\u00e4vi\u00f6 toisella kierroksella).<\/p>\n<p>Nelinpeliss\u00e4 Harri Heli\u00f6vaara ja h\u00e4nen parinsa Lloyd Glasspool eteniv\u00e4t 16 parhaan joukkoon vuosina 2021 ja 2022.<\/p>\n<p>Muut kolme tenniksen vuotuista Grand Slam -turnausta ovat <a href=\"http:\/\/www.ausopen.com\" target=\"_blank\" rel=\"noopener\">Australian avoimet<\/a>, <a href=\"http:\/\/www.rolandgarros.com\" target=\"_blank\" rel=\"noopener\">Ranskan avoimet <\/a>ja <a href=\"http:\/\/www.usopen.org\" target=\"_blank\" rel=\"noopener\">US Open<\/a>.<\/p>\n<ul>\n<li><a href=\"http:\/\/www.ausopen.com\" target=\"_blank\" rel=\"noopener\"><strong>Wimbledonin viralliset verkkosivut<\/strong><\/a><\/li>\n<\/ul>\n","protected":false},"excerpt":{"rendered":"<p>Wimbledon (The Championships) on yksi tennisvuoden nelj\u00e4st\u00e4 Grand Slam -turnauksesta. Wimbledon pelataan ruohokentill\u00e4 Lontoossa.\u00a0<\/p>\n","protected":false},"author":1,"featured_media":255,"parent":0,"menu_order":0,"comment_status":"closed","ping_status":"closed","template":"","meta":{"nf_dc_page":"","twitterCardType":"","cardImageID":0,"cardImage":"","cardTitle":"","cardDesc":"","cardImageAlt":"","cardPlayer":"","cardPlayerWidth":0,"cardPlayerHeight":0,"cardPlayerStream":"","cardPlayerCodec":"","footnotes":""},"class_list":["post-64","page","type-page","status-publish","has-post-thumbnail","hentry"],"_links":{"self":[{"href":"https:\/\/murtopallo.net\/tennis\/wp-json\/wp\/v2\/pages\/64","targetHints":{"allow":["GET"]}}],"collection":[{"href":"https:\/\/murtopallo.net\/tennis\/wp-json\/wp\/v2\/pages"}],"about":[{"href":"https:\/\/murtopallo.net\/tennis\/wp-json\/wp\/v2\/types\/page"}],"author":[{"embeddable":true,"href":"https:\/\/murtopallo.net\/tennis\/wp-json\/wp\/v2\/users\/1"}],"replies":[{"embeddable":true,"href":"https:\/\/murtopallo.net\/tennis\/wp-json\/wp\/v2\/comments?post=64"}],"version-history":[{"count":5,"href":"https:\/\/murtopallo.net\/tennis\/wp-json\/wp\/v2\/pages\/64\/revisions"}],"predecessor-version":[{"id":3360,"href":"https:\/\/murtopallo.net\/tennis\/wp-json\/wp\/v2\/pages\/64\/revisions\/3360"}],"wp:featuredmedia":[{"embeddable":true,"href":"https:\/\/murtopallo.net\/tennis\/wp-json\/wp\/v2\/media\/255"}],"wp:attachment":[{"href":"https:\/\/murtopallo.net\/tennis\/wp-json\/wp\/v2\/media?parent=64"}],"curies":[{"name":"wp","href":"https:\/\/api.w.org\/{rel}","templated":true}]}}