{"id":65,"date":"2021-02-17T13:27:56","date_gmt":"2021-02-17T11:27:56","guid":{"rendered":"https:\/\/murtopallo.net\/tennis\/?page_id=65"},"modified":"2025-09-08T17:34:03","modified_gmt":"2025-09-08T15:34:03","slug":"us-open","status":"publish","type":"page","link":"https:\/\/murtopallo.net\/tennis\/us-open\/","title":{"rendered":"US Open"},"content":{"rendered":"<p>US Open (US Open Tennis Championships, Yhdysvaltain avoimet) on yksi tennisvuoden nelj\u00e4st\u00e4 Grand Slam -turnauksesta.<!--more--><\/p>\n<p>US Open pelataan kovapintaisilla kentill\u00e4 New Yorkissa. Pelipaikka on <a href=\"https:\/\/www.ntc.usta.com\/\" target=\"_blank\" rel=\"noopener\">USTA Billie Jean King National Tennis Center<\/a>, joka sijaitsee Queensin kaupunginosan Flushing Meadowsissa.<\/p>\n<p>Vuonna 2025 US Open kamppailtiin 24. elokuuta &#8211; 7. syyskuuta. Kaksinpeliturnaukset voittivat Carlos Alcaraz ja Arina Sabalenka. Katso t\u00e4st\u00e4 <a href=\"https:\/\/murtopallo.net\/tennis\/2025\/08\/24\/suomalaiset-us-openissa-2025\/\">suomalaispelaajien tulokset<\/a>.<\/p>\n<ul>\n<li><a href=\"https:\/\/www.usopen.org\/en_US\/draws\/mens-singles.html\" target=\"_blank\" rel=\"noopener\"><strong>Miesten kaksinpelin kaavio<\/strong><\/a><\/li>\n<li><a href=\"https:\/\/www.usopen.org\/en_US\/draws\/womens-singles.html\" target=\"_blank\" rel=\"noopener\"><strong>Naisten kaksinpelin kaavio<\/strong><\/a><\/li>\n<li><a href=\"https:\/\/www.usopen.org\/en_US\/scores\/index.html\" target=\"_blank\" rel=\"noopener\"><strong>Tulokset<\/strong><\/a><\/li>\n<li><a href=\"https:\/\/murtopallo.net\/tennis\/tag\/us-open\/\"><strong>Uutiset<\/strong><\/a><\/li>\n<\/ul>\n<p><a href=\"https:\/\/www.usopen.org\/en_US\/news\/articles\/2023-08-08\/2023_us_open_prize_money_and_player_compensation_to_total_65_million.html\" target=\"_blank\" rel=\"noopener\">US Openin palkintorahat<\/a> olivat vuonna 2025 yhteens\u00e4 90 miljoonaa dollaria. Potti on turnaushistorian suurin. Kaksinpelin voittajat saivat kumpikin 5 miljoonaa dollaria.<\/p>\n<p>Suomessa <a href=\"https:\/\/press.warnerbrosdiscovery.fi\/post\/tenniksen-us-open-nahdaan-tv5-lla-ja-hbo-maxilla\" target=\"_blank\" rel=\"noopener\">US Open oli n\u00e4ht\u00e4viss\u00e4<\/a> HBO Max -suoratoistopalvelussa. Lis\u00e4ksi kaksinpelin loppuottelut esitettiin TV5-kanavalla.<\/p>\n<h2>US Openin historiaa<\/h2>\n<p>Ensimm\u00e4inen US Open kilpailtiin vuonna 1881 <a href=\"https:\/\/www.tennisfame.com\/\" target=\"_blank\" rel=\"noopener\">Newportissa<\/a>. Varhaisina vuosina turnausta pelattiin my\u00f6s Philadelphiassa, Chicagossa, Chestnut Hilliss\u00e4 ja South Orangessa.<\/p>\n<p>New York alkoi vakiintua tapahtumapaikaksi vuonna 1915. Keskeinen paikka oli Forest Hills, kunnes siirtyminen Flushing Meadowsiin toteutui vuonna 1978.<\/p>\n<p>Flushing Meadowsissa p\u00e4\u00e4kentt\u00e4 on <a href=\"https:\/\/www.nycgovparks.org\/parks\/flushing-meadows-corona-park\/highlights\/12014\" target=\"_blank\" rel=\"noopener\">vuonna 1997 avattu Arthur Ashe Stadium<\/a>, joka vet\u00e4\u00e4 yli 23 000 katsojaa. Se on maailman suurin tennikselle pyhitetty stadion.<\/p>\n<p>Open-aikakaudella eli vuodesta 1968 alkaen miesten kaksinpelin voitokkaimmat pelaajat ovat Jimmy Connors, Pete Sampras ja <a href=\"http:\/\/rogerfederer.com\" target=\"_blank\" rel=\"noopener\">Roger Federer<\/a>, joilla on kullakin viisi US Openin mestaruutta.<\/p>\n<p><a href=\"https:\/\/fi.wikipedia.org\/wiki\/Chris_Evert\" target=\"_blank\" rel=\"noopener\">Chris Evert<\/a> ja Serena Williams ovat parhaina voittaneet US Openin naisten kaksinpeliturnauksen kuusi kertaa.<\/p>\n<p><a href=\"https:\/\/murtopallo.net\/tennis\/2021\/03\/31\/jarkko-nieminen-tennis\/\">Suomen kaikkien aikojen tennispelaaja Jarkko Nieminen<\/a> pelasi US Openissa kaikkiaan\u00a024 kaksinpeliottelua ja voitti niist\u00e4 10. H\u00e4nen paras vuotensa US Openissa oli 2005, jolloin h\u00e4n eteni puoliv\u00e4lieriin eli kahdeksan parhaan joukkoon.<\/p>\n<p>Vuonna 1999 Nieminen voitti US Openin nuorten turnauksen.<\/p>\n<p>Henri Kontinen meni US Openin nelinpelin v\u00e4lieriin vuonna 2017 parinaan John Peers.<\/p>\n<p>Muut kolme tenniksen vuotuista Grand Slam -turnausta ovat <a href=\"http:\/\/ausopen.com\" target=\"_blank\" rel=\"noopener\">Australian avoimet<\/a>, <a href=\"http:\/\/www.rolandgarros.com\" target=\"_blank\" rel=\"noopener\">Ranskan avoimet<\/a> ja\u00a0<a href=\"http:\/\/www.wimbledon.com\" target=\"_blank\" rel=\"noopener\">Wimbledon.<\/a><\/p>\n<ul>\n<li><a href=\"http:\/\/www.usopen.org\" target=\"_blank\" rel=\"noopener\"><strong>US Openin viralliset verkkosivut<\/strong><\/a><\/li>\n<\/ul>\n","protected":false},"excerpt":{"rendered":"<p>US Open (US Open Tennis Championships, Yhdysvaltain avoimet) on yksi tennisvuoden nelj\u00e4st\u00e4 Grand Slam -turnauksesta.<\/p>\n","protected":false},"author":1,"featured_media":1062,"parent":0,"menu_order":0,"comment_status":"closed","ping_status":"closed","template":"","meta":{"nf_dc_page":"","twitterCardType":"","cardImageID":0,"cardImage":"","cardTitle":"","cardDesc":"","cardImageAlt":"","cardPlayer":"","cardPlayerWidth":0,"cardPlayerHeight":0,"cardPlayerStream":"","cardPlayerCodec":"","footnotes":""},"class_list":["post-65","page","type-page","status-publish","has-post-thumbnail","hentry"],"_links":{"self":[{"href":"https:\/\/murtopallo.net\/tennis\/wp-json\/wp\/v2\/pages\/65","targetHints":{"allow":["GET"]}}],"collection":[{"href":"https:\/\/murtopallo.net\/tennis\/wp-json\/wp\/v2\/pages"}],"about":[{"href":"https:\/\/murtopallo.net\/tennis\/wp-json\/wp\/v2\/types\/page"}],"author":[{"embeddable":true,"href":"https:\/\/murtopallo.net\/tennis\/wp-json\/wp\/v2\/users\/1"}],"replies":[{"embeddable":true,"href":"https:\/\/murtopallo.net\/tennis\/wp-json\/wp\/v2\/comments?post=65"}],"version-history":[{"count":5,"href":"https:\/\/murtopallo.net\/tennis\/wp-json\/wp\/v2\/pages\/65\/revisions"}],"predecessor-version":[{"id":3408,"href":"https:\/\/murtopallo.net\/tennis\/wp-json\/wp\/v2\/pages\/65\/revisions\/3408"}],"wp:featuredmedia":[{"embeddable":true,"href":"https:\/\/murtopallo.net\/tennis\/wp-json\/wp\/v2\/media\/1062"}],"wp:attachment":[{"href":"https:\/\/murtopallo.net\/tennis\/wp-json\/wp\/v2\/media?parent=65"}],"curies":[{"name":"wp","href":"https:\/\/api.w.org\/{rel}","templated":true}]}}