{"id":71,"date":"2021-02-17T13:40:41","date_gmt":"2021-02-17T11:40:41","guid":{"rendered":"https:\/\/murtopallo.net\/tennis\/?page_id=71"},"modified":"2021-02-17T13:42:17","modified_gmt":"2021-02-17T11:42:17","slug":"yhteystiedot","status":"publish","type":"page","link":"https:\/\/murtopallo.net\/tennis\/yhteystiedot\/","title":{"rendered":"Yhteystiedot"},"content":{"rendered":"<p><strong>Murtopallo.net<\/strong> on tennikseen keskittyv\u00e4, ammattimaisesti toimitettu urheilusivusto.<\/p>\n<p>Sivusto k\u00e4sittelee tennist\u00e4 kokonaisvaltaisesti: penkkiurheilusta ja harrastamisesta aina kansainv\u00e4liseen huippu-urheiluun.<\/p>\n<p>Haluatko tiedottaa tennisseurasi toiminnasta? Haluatko tuottaa sivuillemme teksti\u00e4, \u00e4\u00e4nt\u00e4 tai kuvaa? Haluatko mainostaa tennisv\u00e4ke\u00e4 kiinnostavia tuotteita ja palveluita? <strong>Teemme kaikkien tennisihmisten kanssa yhteisty\u00f6t\u00e4 eritt\u00e4in mielell\u00e4mme, joten ota yhteytt\u00e4!<\/strong><\/p>\n<p>Murtopallo tuli urheilumedian markkinoille ensimm\u00e4isen kerran jo vuonna 2009. Sivustoa toimittaa suomalainen yritys East Side Media.<\/p>\n<p><strong>S\u00e4hk\u00f6posti<\/strong>: toimitus (at) murtopallo .net<\/p>\n","protected":false},"excerpt":{"rendered":"<p>Murtopallo.net on tennikseen keskittyv\u00e4, ammattimaisesti toimitettu urheilusivusto. Sivusto k\u00e4sittelee tennist\u00e4 kokonaisvaltaisesti: penkkiurheilusta ja harrastamisesta aina kansainv\u00e4liseen huippu-urheiluun. Haluatko tiedottaa tennisseurasi toiminnasta? Haluatko tuottaa sivuillemme teksti\u00e4, \u00e4\u00e4nt\u00e4 tai kuvaa? Haluatko mainostaa tennisv\u00e4ke\u00e4 kiinnostavia tuotteita ja palveluita? Teemme kaikkien tennisihmisten kanssa yhteisty\u00f6t\u00e4 eritt\u00e4in mielell\u00e4mme, joten ota yhteytt\u00e4! Murtopallo tuli urheilumedian markkinoille ensimm\u00e4isen kerran jo vuonna 2009. Sivustoa &hellip; <a href=\"https:\/\/murtopallo.net\/tennis\/yhteystiedot\/\" class=\"more-link\">Jatka lukemista<span class=\"screen-reader-text\"> &#8220;Yhteystiedot&#8221;<\/span><\/a><\/p>\n","protected":false},"author":1,"featured_media":0,"parent":0,"menu_order":0,"comment_status":"closed","ping_status":"closed","template":"","meta":{"nf_dc_page":"","twitterCardType":"","cardImageID":0,"cardImage":"","cardTitle":"","cardDesc":"","cardImageAlt":"","cardPlayer":"","cardPlayerWidth":0,"cardPlayerHeight":0,"cardPlayerStream":"","cardPlayerCodec":"","footnotes":""},"class_list":["post-71","page","type-page","status-publish","hentry"],"_links":{"self":[{"href":"https:\/\/murtopallo.net\/tennis\/wp-json\/wp\/v2\/pages\/71","targetHints":{"allow":["GET"]}}],"collection":[{"href":"https:\/\/murtopallo.net\/tennis\/wp-json\/wp\/v2\/pages"}],"about":[{"href":"https:\/\/murtopallo.net\/tennis\/wp-json\/wp\/v2\/types\/page"}],"author":[{"embeddable":true,"href":"https:\/\/murtopallo.net\/tennis\/wp-json\/wp\/v2\/users\/1"}],"replies":[{"embeddable":true,"href":"https:\/\/murtopallo.net\/tennis\/wp-json\/wp\/v2\/comments?post=71"}],"version-history":[{"count":3,"href":"https:\/\/murtopallo.net\/tennis\/wp-json\/wp\/v2\/pages\/71\/revisions"}],"predecessor-version":[{"id":74,"href":"https:\/\/murtopallo.net\/tennis\/wp-json\/wp\/v2\/pages\/71\/revisions\/74"}],"wp:attachment":[{"href":"https:\/\/murtopallo.net\/tennis\/wp-json\/wp\/v2\/media?parent=71"}],"curies":[{"name":"wp","href":"https:\/\/api.w.org\/{rel}","templated":true}]}}