{"id":80,"date":"2021-02-17T14:02:07","date_gmt":"2021-02-17T12:02:07","guid":{"rendered":"https:\/\/murtopallo.net\/tennis\/?page_id=80"},"modified":"2024-01-13T11:44:16","modified_gmt":"2024-01-13T09:44:16","slug":"tenniksen-maailmanlistat","status":"publish","type":"page","link":"https:\/\/murtopallo.net\/tennis\/tenniksen-maailmanlistat\/","title":{"rendered":"Tenniksen maailmanlistat"},"content":{"rendered":"<p>Tenniksen maailmanlistat p\u00e4ivitet\u00e4\u00e4n viikoittain. Katso ajantasaiset listat alla olevista linkeist\u00e4.<\/p>\n<ul>\n<li><strong><a href=\"https:\/\/www.atptour.com\/en\/rankings\/singles\" target=\"_blank\" rel=\"noopener\">Tenniksen miesten maailmanlista<\/a><\/strong><\/li>\n<li><strong><a href=\"https:\/\/www.wtatennis.com\/rankings\/singles\" target=\"_blank\" rel=\"noopener\">Tenniksen naisten maailmanlista<\/a><\/strong><\/li>\n<\/ul>\n<p>Miesten maailmanlistaa organisoi ammattilaisorganisaatio <a href=\"http:\/\/www.atptennis.com\" target=\"_blank\" rel=\"noopener\">ATP<\/a>. Naisten ammattilaistenniksen vastaava organisaatio on <a href=\"http:\/\/www.wtatennis.com\" target=\"_blank\" rel=\"noopener\">WTA<\/a>.<\/p>\n<p><strong>Tenniksen maailmanlistat kuvastavat pelaajien paremmuutta 52 viimeksi kuluneen viikon aikana.<\/strong><\/p>\n<p>J\u00e4rjestyksen maailmanlistalla (rankingissa) m\u00e4\u00e4r\u00e4\u00e4 pistesaldo. Pisteit\u00e4 pelaajille kertyy otteluista turnauksissa, joihin ATP\/WTA on jyvitt\u00e4nyt pisteit\u00e4.<\/p>\n<p>Eniten pisteit\u00e4 saa menestyksest\u00e4 Grand Slam -turnauksissa (Australian avoimet, Ranskan avoimet, <a href=\"https:\/\/murtopallo.net\/tennis\/wimbledon\/\">Wimbledon<\/a> ja US Open).<\/p>\n<p>Mit\u00e4 pienempi turnaus on kyseess\u00e4, sit\u00e4 v\u00e4hemm\u00e4n ATP\/WTA-pisteit\u00e4 on jaossa. ATP- ja WTA-kiertueet on kategorisoitu turnausten koon mukaan.<\/p>\n<p>Lis\u00e4ksi joissakin varsinaisen ATP\/WTA-kiertueen ulkopuolisissa turnauksissa on rankingpisteit\u00e4 jaossa. T\u00e4llaisia turnauksia ovat esimerkiksi ATP Challenger -turnaukset eli ns. haastajaturnaukset.<\/p>\n<p>Maailmanlistaan (rankingiin) kuuluu my\u00f6s tilanteen seuraaminen kalenterivuoden mukaan. Loppuvuodesta kalenterivuoden parhaat pelaajat p\u00e4\u00e4sev\u00e4t ATP- ja WTA-kiertueiden lopputurnauksiin. Lopputurnaukset (ATP Finals, WTA Finals) kuuluvat Grand Slam -kisojen ohella vuoden suurimpiin.<\/p>\n<p><a href=\"https:\/\/murtopallo.net\/tennis\/2021\/03\/31\/jarkko-nieminen-tennis\/\">Jarkko Nieminen<\/a> ja Emma Laine ovat kaikkien aikojen korkeimmalle rankatut suomalaiset tennispelaajat. Nieminen oli parhaimmillaan miesten maailmanlistan sijalla 13 ja Laine naisten maailmanlistan sijalla 50.<\/p>\n<p><img loading=\"lazy\" decoding=\"async\" class=\"alignnone size-full wp-image-211\" src=\"https:\/\/murtopallo.net\/tennis\/wp-content\/uploads\/2021\/03\/jarkko-nieminen-tennis-2.jpg\" alt=\"\" width=\"1024\" height=\"538\" srcset=\"https:\/\/murtopallo.net\/tennis\/wp-content\/uploads\/2021\/03\/jarkko-nieminen-tennis-2.jpg 1024w, https:\/\/murtopallo.net\/tennis\/wp-content\/uploads\/2021\/03\/jarkko-nieminen-tennis-2-300x158.jpg 300w, https:\/\/murtopallo.net\/tennis\/wp-content\/uploads\/2021\/03\/jarkko-nieminen-tennis-2-768x404.jpg 768w\" sizes=\"auto, (max-width: 709px) 85vw, (max-width: 909px) 67vw, (max-width: 1362px) 62vw, 840px\" \/><\/p>\n<p>Nieminen ja Laine saavuttivat parhaat rankinginsa vuonna 2006.<\/p>\n<p><a href=\"https:\/\/fi.wikipedia.org\/wiki\/Henri_Kontinen\" target=\"_blank\" rel=\"noopener\">Henri Kontinen<\/a> on pit\u00e4nyt nelinpelin rankingissa ykk\u00f6spaikkaa. H\u00e4n nousi ensimm\u00e4isen kerran maailmanlistan k\u00e4rkeen huhtikuussa 2017.<\/p>\n","protected":false},"excerpt":{"rendered":"<p>Tenniksen maailmanlistat p\u00e4ivitet\u00e4\u00e4n viikoittain. Katso ajantasaiset listat alla olevista linkeist\u00e4. Tenniksen miesten maailmanlista Tenniksen naisten maailmanlista Miesten maailmanlistaa organisoi ammattilaisorganisaatio ATP. Naisten ammattilaistenniksen vastaava organisaatio on WTA. Tenniksen maailmanlistat kuvastavat pelaajien paremmuutta 52 viimeksi kuluneen viikon aikana. J\u00e4rjestyksen maailmanlistalla (rankingissa) m\u00e4\u00e4r\u00e4\u00e4 pistesaldo. Pisteit\u00e4 pelaajille kertyy otteluista turnauksissa, joihin ATP\/WTA on jyvitt\u00e4nyt pisteit\u00e4. Eniten pisteit\u00e4 saa &hellip; <a href=\"https:\/\/murtopallo.net\/tennis\/tenniksen-maailmanlistat\/\" class=\"more-link\">Jatka lukemista<span class=\"screen-reader-text\"> &#8220;Tenniksen maailmanlistat&#8221;<\/span><\/a><\/p>\n","protected":false},"author":1,"featured_media":45,"parent":0,"menu_order":0,"comment_status":"closed","ping_status":"closed","template":"","meta":{"nf_dc_page":"","twitterCardType":"","cardImageID":0,"cardImage":"","cardTitle":"","cardDesc":"","cardImageAlt":"","cardPlayer":"","cardPlayerWidth":0,"cardPlayerHeight":0,"cardPlayerStream":"","cardPlayerCodec":"","footnotes":""},"class_list":["post-80","page","type-page","status-publish","has-post-thumbnail","hentry"],"_links":{"self":[{"href":"https:\/\/murtopallo.net\/tennis\/wp-json\/wp\/v2\/pages\/80","targetHints":{"allow":["GET"]}}],"collection":[{"href":"https:\/\/murtopallo.net\/tennis\/wp-json\/wp\/v2\/pages"}],"about":[{"href":"https:\/\/murtopallo.net\/tennis\/wp-json\/wp\/v2\/types\/page"}],"author":[{"embeddable":true,"href":"https:\/\/murtopallo.net\/tennis\/wp-json\/wp\/v2\/users\/1"}],"replies":[{"embeddable":true,"href":"https:\/\/murtopallo.net\/tennis\/wp-json\/wp\/v2\/comments?post=80"}],"version-history":[{"count":5,"href":"https:\/\/murtopallo.net\/tennis\/wp-json\/wp\/v2\/pages\/80\/revisions"}],"predecessor-version":[{"id":2357,"href":"https:\/\/murtopallo.net\/tennis\/wp-json\/wp\/v2\/pages\/80\/revisions\/2357"}],"wp:featuredmedia":[{"embeddable":true,"href":"https:\/\/murtopallo.net\/tennis\/wp-json\/wp\/v2\/media\/45"}],"wp:attachment":[{"href":"https:\/\/murtopallo.net\/tennis\/wp-json\/wp\/v2\/media?parent=80"}],"curies":[{"name":"wp","href":"https:\/\/api.w.org\/{rel}","templated":true}]}}