{"id":857,"date":"2022-05-10T16:45:09","date_gmt":"2022-05-10T14:45:09","guid":{"rendered":"https:\/\/murtopallo.net\/tennis\/?page_id=857"},"modified":"2022-05-10T17:57:08","modified_gmt":"2022-05-10T15:57:08","slug":"helsinki-tenniskeskus","status":"publish","type":"page","link":"https:\/\/murtopallo.net\/tennis\/helsinki-tenniskeskus\/","title":{"rendered":"Helsingin parhaat tenniskeskukset"},"content":{"rendered":"<p>Helsingiss\u00e4 sijaitsee paljon tenniskeskuksia ja -kentti\u00e4, jotka tarjoavat hyv\u00e4t mahdollisuudet harjoitella ja pelata.<!--more--><\/p>\n<p><a href=\"https:\/\/www.hel.fi\/helsinki\/fi\/kulttuuri-ja-vapaa-aika\/liikunta\/ulkoliikuntapaikat\/tenniskentat\/\" target=\"_blank\" rel=\"noopener\">Helsingin kaupunki yll\u00e4pit\u00e4\u00e4 useita tenniskentti\u00e4<\/a>. T\u00e4ss\u00e4 artikkelissa keskityt\u00e4\u00e4n suurimpiin Helsingiss\u00e4 sijaitseviin kaupallisiin tenniskeskuksiin.<\/p>\n<p><em>Tiedot tarkastettu kyseisten keskusten omista medioista 10.5.2022.<\/em><\/p>\n<h2>Talin tenniskeskus<\/h2>\n<p><strong>Talin tenniskeskus<\/strong> sijaitsee Pit\u00e4j\u00e4nm\u00e4en kaupunginosassa, L\u00e4nsi-Helsingiss\u00e4 (<a href=\"https:\/\/www.google.com\/maps\/place\/Tennis+Center+Tali\/@60.2130427,24.8737517,17z\/data=!3m1!4b1!4m5!3m4!1s0x468df61b7256b449:0x7c70ff2dcad9d9d8!8m2!3d60.2130427!4d24.8759404\" target=\"_blank\" rel=\"noopener\">kartta<\/a>). Keskuksen l\u00e4helle p\u00e4\u00e4see useilla linja-autoilla.<\/p>\n<p>Tali on kooltaan ja palveluiltaan kansainv\u00e4list\u00e4 luokkaa. Sis\u00e4kentti\u00e4 on parikymment\u00e4, ja kes\u00e4kaudella voi pelata my\u00f6s ulkokentill\u00e4 (hiekkatekonurmi).<\/p>\n<p>Muita palveluita Talissa ovat pro shop, mailahuolto, kahvila ja ravintola.<\/p>\n<p>Tarjontaan kuuluu my\u00f6s <strong>Taivallahden tenniskeskus<\/strong>, jossa on kuusi sis\u00e4kentt\u00e4\u00e4 ja ulkotiloissa yksi massakentt\u00e4.<\/p>\n<p>Lis\u00e4tiedot, hinnat, ajanvaraukset: <a href=\"https:\/\/talitaivallahti.fi\/\" target=\"_blank\" rel=\"noopener\">Talin ja Taivallahden verkkosivut<\/a><\/p>\n<h2>Myllypuro: Smash Center<\/h2>\n<p><strong>Smash Center<\/strong> sijaitsee It\u00e4-Helsingiss\u00e4, Myllypurossa, l\u00e4hell\u00e4 It\u00e4keskuksen metroasemaa (<a href=\"https:\/\/www.google.com\/maps\/place\/Smash+Center\/@60.2093799,25.0665041,17z\/data=!3m1!4b1!4m5!3m4!1s0x4692092aed7759bb:0xbc66ae8bcd1490f2!8m2!3d60.2093773!4d25.0686981\" target=\"_blank\" rel=\"noopener\">kartta<\/a>). Linja-autolla p\u00e4\u00e4see aivan hallin edustalle.<\/p>\n<p>Smash Centeriss\u00e4 on 12 sis\u00e4kentt\u00e4\u00e4 ja kaksi ulkokentt\u00e4\u00e4. Sis\u00e4kent\u00e4t ovat p\u00e4\u00e4rakennuksessa (6), Janus-hallissa (3) ja KOLO-areenassa (3). P\u00e4\u00e4llysteen\u00e4 on <a href=\"https:\/\/www.unisport.com\/fi\/pelialustana-plexipave\" target=\"_blank\" rel=\"noopener\">Plexipave<\/a>.<\/p>\n<p>Ulkokent\u00e4t ovat massap\u00e4\u00e4llysteisi\u00e4: toisessa on tiilimurskapohja ja toisessa tekomassa.<\/p>\n<p>Tenniksen lis\u00e4ksi Smash Centeriss\u00e4 voi pelata sulkapalloa, padelia, squashia, racketlonia ja p\u00f6yt\u00e4tennist\u00e4. Muita palveluita ovat kuntosali, golfsimulaattori, pro shop ja ravintola.<\/p>\n<p>Lis\u00e4tiedot, hinnat, ajanvaraukset: <a href=\"https:\/\/smashtennis.sporttisaitti.com\/hallit\/finland_tennis_club\/\" target=\"_blank\" rel=\"noopener\">Smash Centerin verkkosivut<\/a><\/p>\n<h2>Laajasalon tennishallit<\/h2>\n<p><strong>Laajasalon tennishallit<\/strong> sijaitsevat It\u00e4-Helsingiss\u00e4 (<a href=\"https:\/\/www.google.com\/maps\/place\/Laajasalon+tennishallit+Oy\/@60.1746285,25.0543137,17z\/data=!3m1!4b1!4m5!3m4!1s0x46920eae31d630af:0x8affa3de51d822aa!8m2!3d60.1746259!4d25.0565077\" target=\"_blank\" rel=\"noopener\">kartta<\/a>). Hallien tuntumaan p\u00e4\u00e4see linja-autolla esimerkiksi Herttoniemen metroasemalta.<\/p>\n<p>Sis\u00e4kentti\u00e4 on viisi (<a href=\"https:\/\/www.courtsol.com\/categories\/terrains-de-sports\/\" target=\"_blank\" rel=\"noopener\">Courtsol-pinnoite<\/a>) ja kes\u00e4aikaan ulkokentti\u00e4 nelj\u00e4. Ulkokentist\u00e4 kolmella on massapinnoite.<\/p>\n<p>Laajasalon tennishalleilla voi pelata my\u00f6s padelia. Muita palveluita ovat kuntosali ja kahvila. Samassa kompleksissa on palloiluhalli, joka soveltuu esimerkiksi <a href=\"http:\/\/lentopallo.info\" target=\"_blank\" rel=\"noopener\">lentopalloon<\/a> ja koripalloon.<\/p>\n<p>Lis\u00e4tiedot, hinnat, ajanvaraukset: <a href=\"https:\/\/laajasalontennishallit.fi\/\" target=\"_blank\" rel=\"noopener\">Laajasalon tennishallien verkkosivut<\/a><\/p>\n<h2>Kulosaari: Mandatum Center<\/h2>\n<p><strong>Mandatum Center<\/strong> sijaitsee Kulosaaressa It\u00e4v\u00e4yl\u00e4n varressa, noin 600 metrin p\u00e4\u00e4ss\u00e4 Kulosaaren metroasemasta (<a href=\"https:\/\/www.google.com\/maps\/place\/Mandatum+Center\/@60.1865703,24.9979825,17z\/data=!3m1!4b1!4m5!3m4!1s0x46920967ff556f3b:0x5a73fd677648e7bf!8m2!3d60.1865677!4d25.0001766\" target=\"_blank\" rel=\"noopener\">kartta<\/a>). Linja-autolla 16 p\u00e4\u00e4see hallin tuntumaan.<\/p>\n<p>Mandatum Centeriss\u00e4 on kolme sis\u00e4kentt\u00e4\u00e4 tennist\u00e4 varten. Kahdessa on <a href=\"https:\/\/www.avkgroup.at\/catalog\/AVNR1006\/\" target=\"_blank\" rel=\"noopener\">joustopuualustalle rakennettu Bolltex Elite -kentt\u00e4<\/a>. Kolmannessa on kovapintainen Green Set.<\/p>\n<p>Mandatum Centeriss\u00e4 voi pelata my\u00f6s sulkapalloa. Muita palveluita ovat kahvila, mailahuolto ja hieroja.<\/p>\n<p>Lis\u00e4tiedot, hinnat, ajanvaraukset: <a href=\"https:\/\/www.mandatumcenter.fi\/\" target=\"_blank\" rel=\"noopener\">Mandatum Centerin verkkosivut<\/a><\/p>\n","protected":false},"excerpt":{"rendered":"<p>Helsingiss\u00e4 sijaitsee paljon tenniskeskuksia ja -kentti\u00e4, jotka tarjoavat hyv\u00e4t mahdollisuudet harjoitella ja pelata.<\/p>\n","protected":false},"author":1,"featured_media":254,"parent":0,"menu_order":0,"comment_status":"closed","ping_status":"closed","template":"","meta":{"nf_dc_page":"","twitterCardType":"","cardImageID":0,"cardImage":"","cardTitle":"","cardDesc":"","cardImageAlt":"","cardPlayer":"","cardPlayerWidth":0,"cardPlayerHeight":0,"cardPlayerStream":"","cardPlayerCodec":"","footnotes":""},"class_list":["post-857","page","type-page","status-publish","has-post-thumbnail","hentry"],"_links":{"self":[{"href":"https:\/\/murtopallo.net\/tennis\/wp-json\/wp\/v2\/pages\/857","targetHints":{"allow":["GET"]}}],"collection":[{"href":"https:\/\/murtopallo.net\/tennis\/wp-json\/wp\/v2\/pages"}],"about":[{"href":"https:\/\/murtopallo.net\/tennis\/wp-json\/wp\/v2\/types\/page"}],"author":[{"embeddable":true,"href":"https:\/\/murtopallo.net\/tennis\/wp-json\/wp\/v2\/users\/1"}],"replies":[{"embeddable":true,"href":"https:\/\/murtopallo.net\/tennis\/wp-json\/wp\/v2\/comments?post=857"}],"version-history":[{"count":4,"href":"https:\/\/murtopallo.net\/tennis\/wp-json\/wp\/v2\/pages\/857\/revisions"}],"predecessor-version":[{"id":863,"href":"https:\/\/murtopallo.net\/tennis\/wp-json\/wp\/v2\/pages\/857\/revisions\/863"}],"wp:featuredmedia":[{"embeddable":true,"href":"https:\/\/murtopallo.net\/tennis\/wp-json\/wp\/v2\/media\/254"}],"wp:attachment":[{"href":"https:\/\/murtopallo.net\/tennis\/wp-json\/wp\/v2\/media?parent=857"}],"curies":[{"name":"wp","href":"https:\/\/api.w.org\/{rel}","templated":true}]}}